{"id":6085,"date":"2022-03-21T11:26:06","date_gmt":"2022-03-21T11:26:06","guid":{"rendered":"https:\/\/tarkusekoolitus.ee\/testsite\/?page_id=6085"},"modified":"2023-02-01T10:57:27","modified_gmt":"2023-02-01T10:57:27","slug":"tanuleht","status":"publish","type":"page","link":"https:\/\/tarkusekoolitus.ee\/testsite\/tanuleht\/","title":{"rendered":"T\u00e4nuleht"},"content":{"rendered":"<div class=\"brz-root__container brz-reset-all\">\n<section data-uid=\"pqyrjauzwsenkrzxcnjhwavzsxpilkgwbthz\" id=\"pqyrjauzwsenkrzxcnjhwavzsxpilkgwbthz\" class=\"brz-section brz-css-qlelg\">\n<div class=\"brz-section__content brz-section--boxed brz-css-qmecb brz-css-cjnjt\" data-custom-id=\"wbukcblfmvbuprnytaykiydkxmpsdrhkjeew\">\n<div class=\"brz-bg overflow-hidden absolute top-0 left-0 w-full h-full\">\n<div class=\"brz-bg-color absolute top-0 left-0 w-full h-full\"><\/div>\n<\/div>\n<div class=\"brz-container brz-css-kakik\">\n<div class=\"brz-row__container brz-css-cuupp\" data-custom-id=\"baaoadlftjgwrfezpoxzdldeawjnzlwmpqep\">\n<div class=\"brz-bg overflow-hidden absolute top-0 left-0 w-full h-full\"><\/div>\n<div class=\"brz-row brz-css-btdzq brz-css-uiwrc\">\n<div class=\"brz-columns brz-css-vhxrg brz-css-ofyxv\" data-custom-id=\"rwzfrtofqygfvbfrzsfveyizjkgrzlhwloys\">\n<div class=\"brz-bg overflow-hidden absolute top-0 left-0 w-full h-full\"><\/div>\n<div class=\"brz-column__items brz-css-fybiv brz-css-ktdrp\">\n<div class=\"brz-css-iwmic brz-wrapper\">\n<div class=\"brz-rich-text brz-rich-text__custom brz-css-kuhob\" data-custom-id=\"fpnezyihcwfcwqtmsibhvfocygnzijmxtzde\">\n<div>\n<h1 class=\"brz-css-wbqmv\" data-generated-css=\"brz-css-deizh\" data-uniq-id=\"wmaop\"><span class=\"brz-cp-color8\">Alushariduse programm <\/span><\/h1>\n<h1 class=\"brz-css-johta\" data-generated-css=\"brz-css-dwhzo\" data-uniq-id=\"nsywv\"><span class=\"brz-cp-color8\">&#8220;Sa suudad seda!&#8221; SSS!<\/span><\/h1>\n<\/div>\n<\/div>\n<\/div>\n<div class=\"brz-css-iwmic brz-wrapper\">\n<div class=\"brz-rich-text brz-rich-text__custom brz-css-kuhob\" data-custom-id=\"wqfsvnzvrfhhfciqhwqnievdvrfaxqiharep\">\n<div>\n<h5 class=\"brz-css-zxqya\" data-uniq-id=\"gttwg\" data-generated-css=\"brz-css-ejgpr\"><span class=\"brz-cp-color8\">&#8220;Sa suudad seda!&#8221; SSS! sotsiaal-emotsionaalsete oskuste \u00f5ppekava koolitusprogramm. <\/span><\/h5>\n<\/div>\n<\/div>\n<\/div>\n<\/div>\n<\/div>\n<\/div>\n<\/div>\n<\/div>\n<\/div>\n<\/section>\n<section data-uid=\"dqxskfgtlkgxparpttqfhnxofxiafpntcztt\" id=\"dqxskfgtlkgxparpttqfhnxofxiafpntcztt\" class=\"brz-section brz-css-qlelg\">\n<div class=\"brz-section__content brz-section--boxed brz-css-qmecb brz-css-fjgru\" data-custom-id=\"qphfvdxsibnzkxfwkkpxxiznmyftqcedynte\">\n<div class=\"brz-container brz-css-kakik brz-css-kzjch\">\n<div class=\"brz-row__container brz-css-cuupp\" data-custom-id=\"ewnyjkgkczytfausipegkichcsyozlpufyyl\">\n<div class=\"brz-bg overflow-hidden absolute top-0 left-0 w-full h-full\"><\/div>\n<div class=\"brz-row brz-css-btdzq\">\n<div class=\"brz-columns brz-css-vhxrg brz-css-tkdcy\" data-custom-id=\"lotdwvnewznnpchxoljteiwgiyxoriquzawh\">\n<div class=\"brz-bg overflow-hidden absolute top-0 left-0 w-full h-full\"><\/div>\n<div class=\"brz-column__items brz-css-fybiv\">\n<div class=\"brz-css-iwmic brz-css-yymvz brz-wrapper\">\n<div class=\"brz-spacer brz-css-ljgdu\"><\/div>\n<\/div>\n<\/div>\n<\/div>\n<div class=\"brz-columns brz-css-vhxrg brz-css-ybqhq\" data-custom-id=\"gbjoaakjbidhrzrtffpwpmebpifupczjecbn\">\n<div class=\"brz-bg overflow-hidden absolute top-0 left-0 w-full h-full\"><\/div>\n<div class=\"brz-column__items brz-css-fybiv brz-css-klmig\">\n<div class=\"brz-css-iwmic brz-wrapper\">\n<div class=\"brz-rich-text brz-rich-text__custom brz-css-kuhob\" data-custom-id=\"dtxtkganjexcseqzbmqmlzvxwpwwonrxxmsz\">\n<div>\n<h3 class=\"brz-css-mllyp\" data-generated-css=\"brz-css-qrbnh\" data-uniq-id=\"ehkjw\"><span class=\"brz-cp-color2\">Tere tulemast!<\/span><\/h3>\n<\/div>\n<\/div>\n<\/div>\n<div class=\"brz-css-iwmic brz-wrapper\">\n<div class=\"brz-rich-text brz-rich-text__custom brz-css-kuhob\" data-custom-id=\"iyynevsqsnhrqlgdaohczkpjmgaviedvowpc\">\n<div>\n<p class=\"brz-css-gnsri\" data-generated-css=\"brz-css-ewdep\" data-uniq-id=\"rgaol\"><span class=\"brz-cp-color7\">Olete registreeritud alushariduse sotsiaal-emotsionaalsete oskuste programmi Sa suudad seda! koolitusele, mis toimub 25.11.2022 P\u00e4rnus &#8211; Hedon Spa &#8211; Supeluse saalis.<\/span><\/p>\n<\/div>\n<\/div>\n<\/div>\n<div class=\"brz-css-iwmic brz-wrapper\">\n<div class=\"brz-rich-text brz-rich-text__custom brz-css-kuhob\" data-custom-id=\"sfwskfanncdfazzivtercxeglwnblnkqxiko\">\n<div>\n<ul>\n<li class=\"brz-css-ecodq\" data-uniq-id=\"yjwtp\" data-generated-css=\"brz-css-wbvux\"><span class=\"brz-cp-color7\">\u00d5petaja abid kell 10:00-12:00 <\/span><\/li>\n<li class=\"brz-css-hqzyo\" data-uniq-id=\"yjwtp\" data-generated-css=\"brz-css-wbvux\"><span class=\"brz-cp-color7\">\u00d5petajate kell 10:00-15.00<\/span><\/li>\n<\/ul>\n<\/div>\n<\/div>\n<\/div>\n<div class=\"brz-css-iwmic brz-wrapper\">\n<div class=\"brz-rich-text brz-rich-text__custom brz-css-kuhob\" data-custom-id=\"pexgjdjvlatfhveqaolwumgfzgmsxpqmxqpx\">\n<div>\n<p class=\"brz-css-rsspx\" data-generated-css=\"brz-css-mndfc\" data-uniq-id=\"eskbo\"><span class=\"brz-cp-color7\">Olete v\u00e4ga oodatud!<\/span><\/p>\n<p class=\"brz-css-gniyj\" data-generated-css=\"brz-css-zjeia\" data-uniq-id=\"zaxjd\"><span class=\"brz-cp-color7\">Ruth Jugala <\/span><\/p>\n<\/div>\n<\/div>\n<\/div>\n<\/div>\n<\/div>\n<div class=\"brz-columns brz-css-vhxrg brz-css-mkseo\" data-custom-id=\"gprzmbuyqnohyjzscfpmyzrtohexcdxscbmb\">\n<div class=\"brz-bg overflow-hidden absolute top-0 left-0 w-full h-full\"><\/div>\n<div class=\"brz-column__items brz-css-fybiv\">\n<div class=\"brz-css-iwmic brz-css-yymvz brz-wrapper\">\n<div class=\"brz-spacer brz-css-ljgdu\"><\/div>\n<\/div>\n<\/div>\n<\/div>\n<\/div>\n<\/div>\n<\/div>\n<\/div>\n<\/section>\n<\/div>\n<p><!-- version:1675249047 --><\/p>\n","protected":false},"excerpt":{"rendered":"<p>Alushariduse programm &#8220;Sa suudad seda!&#8221; SSS! &#8220;Sa suudad seda!&#8221; SSS! sotsiaal-emotsionaalsete oskuste \u00f5ppekava koolitusprogramm. Tere tulemast! Olete registreeritud alushariduse sotsiaal-emotsionaalsete oskuste programmi Sa suudad seda! koolitusele, mis toimub 25.11.2022 P\u00e4rnus &#8211; Hedon Spa &#8211; Supeluse saalis. \u00d5petaja abid kell 10:00-12:00 \u00d5petajate kell 10:00-15.00 Olete v\u00e4ga oodatud! Ruth Jugala<\/p>\n","protected":false},"author":1,"featured_media":0,"parent":0,"menu_order":0,"comment_status":"closed","ping_status":"closed","template":"brizy-blank-template.php","meta":{"footnotes":""},"class_list":["post-6085","page","type-page","status-publish","hentry"],"yoast_head":"<!-- This site is optimized with the Yoast SEO plugin v20.0 - https:\/\/yoast.com\/wordpress\/plugins\/seo\/ -->\n<title>T\u00e4nuleht - Tarkusekoolitus<\/title>\n<meta name=\"robots\" content=\"index, follow, max-snippet:-1, max-image-preview:large, max-video-preview:-1\" \/>\n<link rel=\"canonical\" href=\"https:\/\/tarkusekoolitus.ee\/testsite\/tanuleht\/\" \/>\n<meta property=\"og:locale\" content=\"en_US\" \/>\n<meta property=\"og:type\" content=\"article\" \/>\n<meta property=\"og:title\" content=\"T\u00e4nuleht - Tarkusekoolitus\" \/>\n<meta property=\"og:description\" content=\"Alushariduse programm &#8220;Sa suudad seda!&#8221; SSS! &#8220;Sa suudad seda!&#8221; SSS! sotsiaal-emotsionaalsete oskuste \u00f5ppekava koolitusprogramm. Tere tulemast! Olete registreeritud alushariduse sotsiaal-emotsionaalsete oskuste programmi Sa suudad seda! koolitusele, mis toimub 25.11.2022 P\u00e4rnus &#8211; Hedon Spa &#8211; Supeluse saalis. \u00d5petaja abid kell 10:00-12:00 \u00d5petajate kell 10:00-15.00 Olete v\u00e4ga oodatud! Ruth Jugala\" \/>\n<meta property=\"og:url\" content=\"https:\/\/tarkusekoolitus.ee\/testsite\/tanuleht\/\" \/>\n<meta property=\"og:site_name\" content=\"Tarkusekoolitus\" \/>\n<meta property=\"article:modified_time\" content=\"2023-02-01T10:57:27+00:00\" \/>\n<meta name=\"twitter:card\" content=\"summary_large_image\" \/>\n<script type=\"application\/ld+json\" class=\"yoast-schema-graph\">{\"@context\":\"https:\/\/schema.org\",\"@graph\":[{\"@type\":\"WebPage\",\"@id\":\"https:\/\/tarkusekoolitus.ee\/testsite\/tanuleht\/\",\"url\":\"https:\/\/tarkusekoolitus.ee\/testsite\/tanuleht\/\",\"name\":\"T\u00e4nuleht - Tarkusekoolitus\",\"isPartOf\":{\"@id\":\"https:\/\/tarkusekoolitus.ee\/testsite\/#website\"},\"datePublished\":\"2022-03-21T11:26:06+00:00\",\"dateModified\":\"2023-02-01T10:57:27+00:00\",\"breadcrumb\":{\"@id\":\"https:\/\/tarkusekoolitus.ee\/testsite\/tanuleht\/#breadcrumb\"},\"inLanguage\":\"en\",\"potentialAction\":[{\"@type\":\"ReadAction\",\"target\":[\"https:\/\/tarkusekoolitus.ee\/testsite\/tanuleht\/\"]}]},{\"@type\":\"BreadcrumbList\",\"@id\":\"https:\/\/tarkusekoolitus.ee\/testsite\/tanuleht\/#breadcrumb\",\"itemListElement\":[{\"@type\":\"ListItem\",\"position\":1,\"name\":\"Home\",\"item\":\"https:\/\/tarkusekoolitus.ee\/testsite\/\"},{\"@type\":\"ListItem\",\"position\":2,\"name\":\"T\u00e4nuleht\"}]},{\"@type\":\"WebSite\",\"@id\":\"https:\/\/tarkusekoolitus.ee\/testsite\/#website\",\"url\":\"https:\/\/tarkusekoolitus.ee\/testsite\/\",\"name\":\"Tarkusekoolitus\",\"description\":\"Inglise keele tunnid lastele ja alushariduse programm &quot;Sa suudad seda!&quot;\",\"publisher\":{\"@id\":\"https:\/\/tarkusekoolitus.ee\/testsite\/#organization\"},\"potentialAction\":[{\"@type\":\"SearchAction\",\"target\":{\"@type\":\"EntryPoint\",\"urlTemplate\":\"https:\/\/tarkusekoolitus.ee\/testsite\/?s={search_term_string}\"},\"query-input\":\"required name=search_term_string\"}],\"inLanguage\":\"en\"},{\"@type\":\"Organization\",\"@id\":\"https:\/\/tarkusekoolitus.ee\/testsite\/#organization\",\"name\":\"Tarkusekoolitus O\u00dc\",\"url\":\"https:\/\/tarkusekoolitus.ee\/testsite\/\",\"logo\":{\"@type\":\"ImageObject\",\"inLanguage\":\"en\",\"@id\":\"https:\/\/tarkusekoolitus.ee\/testsite\/#\/schema\/logo\/image\/\",\"url\":\"https:\/\/tarkusekoolitus.ee\/testsite\/wp-content\/uploads\/2020\/08\/Logo-piklik-transparent.png\",\"contentUrl\":\"https:\/\/tarkusekoolitus.ee\/testsite\/wp-content\/uploads\/2020\/08\/Logo-piklik-transparent.png\",\"width\":900,\"height\":300,\"caption\":\"Tarkusekoolitus O\u00dc\"},\"image\":{\"@id\":\"https:\/\/tarkusekoolitus.ee\/testsite\/#\/schema\/logo\/image\/\"}}]}<\/script>\n<!-- \/ Yoast SEO plugin. -->","yoast_head_json":{"title":"T\u00e4nuleht - Tarkusekoolitus","robots":{"index":"index","follow":"follow","max-snippet":"max-snippet:-1","max-image-preview":"max-image-preview:large","max-video-preview":"max-video-preview:-1"},"canonical":"https:\/\/tarkusekoolitus.ee\/testsite\/tanuleht\/","og_locale":"en_US","og_type":"article","og_title":"T\u00e4nuleht - Tarkusekoolitus","og_description":"Alushariduse programm &#8220;Sa suudad seda!&#8221; SSS! &#8220;Sa suudad seda!&#8221; SSS! sotsiaal-emotsionaalsete oskuste \u00f5ppekava koolitusprogramm. Tere tulemast! Olete registreeritud alushariduse sotsiaal-emotsionaalsete oskuste programmi Sa suudad seda! koolitusele, mis toimub 25.11.2022 P\u00e4rnus &#8211; Hedon Spa &#8211; Supeluse saalis. \u00d5petaja abid kell 10:00-12:00 \u00d5petajate kell 10:00-15.00 Olete v\u00e4ga oodatud! Ruth Jugala","og_url":"https:\/\/tarkusekoolitus.ee\/testsite\/tanuleht\/","og_site_name":"Tarkusekoolitus","article_modified_time":"2023-02-01T10:57:27+00:00","twitter_card":"summary_large_image","schema":{"@context":"https:\/\/schema.org","@graph":[{"@type":"WebPage","@id":"https:\/\/tarkusekoolitus.ee\/testsite\/tanuleht\/","url":"https:\/\/tarkusekoolitus.ee\/testsite\/tanuleht\/","name":"T\u00e4nuleht - Tarkusekoolitus","isPartOf":{"@id":"https:\/\/tarkusekoolitus.ee\/testsite\/#website"},"datePublished":"2022-03-21T11:26:06+00:00","dateModified":"2023-02-01T10:57:27+00:00","breadcrumb":{"@id":"https:\/\/tarkusekoolitus.ee\/testsite\/tanuleht\/#breadcrumb"},"inLanguage":"en","potentialAction":[{"@type":"ReadAction","target":["https:\/\/tarkusekoolitus.ee\/testsite\/tanuleht\/"]}]},{"@type":"BreadcrumbList","@id":"https:\/\/tarkusekoolitus.ee\/testsite\/tanuleht\/#breadcrumb","itemListElement":[{"@type":"ListItem","position":1,"name":"Home","item":"https:\/\/tarkusekoolitus.ee\/testsite\/"},{"@type":"ListItem","position":2,"name":"T\u00e4nuleht"}]},{"@type":"WebSite","@id":"https:\/\/tarkusekoolitus.ee\/testsite\/#website","url":"https:\/\/tarkusekoolitus.ee\/testsite\/","name":"Tarkusekoolitus","description":"Inglise keele tunnid lastele ja alushariduse programm &quot;Sa suudad seda!&quot;","publisher":{"@id":"https:\/\/tarkusekoolitus.ee\/testsite\/#organization"},"potentialAction":[{"@type":"SearchAction","target":{"@type":"EntryPoint","urlTemplate":"https:\/\/tarkusekoolitus.ee\/testsite\/?s={search_term_string}"},"query-input":"required name=search_term_string"}],"inLanguage":"en"},{"@type":"Organization","@id":"https:\/\/tarkusekoolitus.ee\/testsite\/#organization","name":"Tarkusekoolitus O\u00dc","url":"https:\/\/tarkusekoolitus.ee\/testsite\/","logo":{"@type":"ImageObject","inLanguage":"en","@id":"https:\/\/tarkusekoolitus.ee\/testsite\/#\/schema\/logo\/image\/","url":"https:\/\/tarkusekoolitus.ee\/testsite\/wp-content\/uploads\/2020\/08\/Logo-piklik-transparent.png","contentUrl":"https:\/\/tarkusekoolitus.ee\/testsite\/wp-content\/uploads\/2020\/08\/Logo-piklik-transparent.png","width":900,"height":300,"caption":"Tarkusekoolitus O\u00dc"},"image":{"@id":"https:\/\/tarkusekoolitus.ee\/testsite\/#\/schema\/logo\/image\/"}}]}},"_links":{"self":[{"href":"https:\/\/tarkusekoolitus.ee\/testsite\/wp-json\/wp\/v2\/pages\/6085","targetHints":{"allow":["GET"]}}],"collection":[{"href":"https:\/\/tarkusekoolitus.ee\/testsite\/wp-json\/wp\/v2\/pages"}],"about":[{"href":"https:\/\/tarkusekoolitus.ee\/testsite\/wp-json\/wp\/v2\/types\/page"}],"author":[{"embeddable":true,"href":"https:\/\/tarkusekoolitus.ee\/testsite\/wp-json\/wp\/v2\/users\/1"}],"replies":[{"embeddable":true,"href":"https:\/\/tarkusekoolitus.ee\/testsite\/wp-json\/wp\/v2\/comments?post=6085"}],"version-history":[{"count":13,"href":"https:\/\/tarkusekoolitus.ee\/testsite\/wp-json\/wp\/v2\/pages\/6085\/revisions"}],"predecessor-version":[{"id":7047,"href":"https:\/\/tarkusekoolitus.ee\/testsite\/wp-json\/wp\/v2\/pages\/6085\/revisions\/7047"}],"wp:attachment":[{"href":"https:\/\/tarkusekoolitus.ee\/testsite\/wp-json\/wp\/v2\/media?parent=6085"}],"curies":[{"name":"wp","href":"https:\/\/api.w.org\/{rel}","templated":true}]}}